{"id":2025,"date":"2025-12-25T15:51:39","date_gmt":"2025-12-25T15:51:39","guid":{"rendered":"https:\/\/noticiascorraleras.cl\/?page_id=2025"},"modified":"2025-12-25T15:51:40","modified_gmt":"2025-12-25T15:51:40","slug":"ariel-es-un-apasionado-de-los-rodeos","status":"publish","type":"page","link":"https:\/\/noticiascorraleras.cl\/index.php\/ariel-es-un-apasionado-de-los-rodeos\/","title":{"rendered":"Ariel es un apasionado de los rodeos"},"content":{"rendered":"\n<p>En la Medialuna de Casablanca mientras se desarrollaba el rodeo del Club Villa Alemana, nos encontramos con el amigo Ariel Narv\u00e1ez, quien nos acompa\u00f1a impecablemente <a><\/a>vestido de huaso cada fin de semana en los recintos corraleros.<\/p>\n\n\n\n<figure class=\"wp-block-image size-large\"><img decoding=\"async\" width=\"768\" height=\"1024\" data-src=\"https:\/\/noticiascorraleras.cl\/wp-content\/uploads\/2025\/12\/492067627_29067556396226199_4702342715408052485_n-768x1024.jpg\" alt=\"\" class=\"wp-image-2027 lazyload\" data-srcset=\"https:\/\/noticiascorraleras.cl\/wp-content\/uploads\/2025\/12\/492067627_29067556396226199_4702342715408052485_n-768x1024.jpg 768w, https:\/\/noticiascorraleras.cl\/wp-content\/uploads\/2025\/12\/492067627_29067556396226199_4702342715408052485_n-225x300.jpg 225w, https:\/\/noticiascorraleras.cl\/wp-content\/uploads\/2025\/12\/492067627_29067556396226199_4702342715408052485_n-1152x1536.jpg 1152w, https:\/\/noticiascorraleras.cl\/wp-content\/uploads\/2025\/12\/492067627_29067556396226199_4702342715408052485_n.jpg 1536w\" data-sizes=\"(max-width: 768px) 100vw, 768px\" src=\"data:image\/svg+xml;base64,PHN2ZyB3aWR0aD0iMSIgaGVpZ2h0PSIxIiB4bWxucz0iaHR0cDovL3d3dy53My5vcmcvMjAwMC9zdmciPjwvc3ZnPg==\" style=\"--smush-placeholder-width: 768px; --smush-placeholder-aspect-ratio: 768\/1024;\" \/><\/figure>\n\n\n\n<p>Es tanta su pasi\u00f3n que se recuerda cuando particip\u00f3 como capataz en la Serie Caballito de Palo, en el \u00faltimo Campeonato Nacional de Rodeo en la Medialuna Monumental Gonzalo Vial Vial de Rancagua.<\/p>\n\n\n\n<figure class=\"wp-block-image size-large\"><img decoding=\"async\" width=\"1024\" height=\"1024\" data-src=\"https:\/\/noticiascorraleras.cl\/wp-content\/uploads\/2025\/12\/489775755_28985417834440056_8837763005326077517_n-1024x1024.jpg\" alt=\"\" class=\"wp-image-2028 lazyload\" data-srcset=\"https:\/\/noticiascorraleras.cl\/wp-content\/uploads\/2025\/12\/489775755_28985417834440056_8837763005326077517_n-1024x1024.jpg 1024w, https:\/\/noticiascorraleras.cl\/wp-content\/uploads\/2025\/12\/489775755_28985417834440056_8837763005326077517_n-300x300.jpg 300w, https:\/\/noticiascorraleras.cl\/wp-content\/uploads\/2025\/12\/489775755_28985417834440056_8837763005326077517_n-150x150.jpg 150w, https:\/\/noticiascorraleras.cl\/wp-content\/uploads\/2025\/12\/489775755_28985417834440056_8837763005326077517_n-768x768.jpg 768w, https:\/\/noticiascorraleras.cl\/wp-content\/uploads\/2025\/12\/489775755_28985417834440056_8837763005326077517_n.jpg 1440w\" data-sizes=\"(max-width: 1024px) 100vw, 1024px\" src=\"data:image\/svg+xml;base64,PHN2ZyB3aWR0aD0iMSIgaGVpZ2h0PSIxIiB4bWxucz0iaHR0cDovL3d3dy53My5vcmcvMjAwMC9zdmciPjwvc3ZnPg==\" style=\"--smush-placeholder-width: 1024px; --smush-placeholder-aspect-ratio: 1024\/1024;\" \/><\/figure>\n\n\n\n<p>Result\u00f3 merecedor del Premio al Esfuerzo y Perseverancia 2024-2025 en la Cena de Premiaci\u00f3n de la Asociaci\u00f3n Valpara\u00edso. Gan\u00f3 en 2023 el premio al Ni\u00f1o Corralero M\u00e1s Popular.<\/p>\n\n\n\n<figure class=\"wp-block-image size-full\"><img decoding=\"async\" width=\"1440\" height=\"1912\" data-src=\"https:\/\/noticiascorraleras.cl\/wp-content\/uploads\/2025\/12\/521847342_18365232436196628_1197353190066483703_n.jpg\" alt=\"\" class=\"wp-image-2032 lazyload\" data-srcset=\"https:\/\/noticiascorraleras.cl\/wp-content\/uploads\/2025\/12\/521847342_18365232436196628_1197353190066483703_n.jpg 1440w, https:\/\/noticiascorraleras.cl\/wp-content\/uploads\/2025\/12\/521847342_18365232436196628_1197353190066483703_n-226x300.jpg 226w, https:\/\/noticiascorraleras.cl\/wp-content\/uploads\/2025\/12\/521847342_18365232436196628_1197353190066483703_n-771x1024.jpg 771w, https:\/\/noticiascorraleras.cl\/wp-content\/uploads\/2025\/12\/521847342_18365232436196628_1197353190066483703_n-768x1020.jpg 768w, https:\/\/noticiascorraleras.cl\/wp-content\/uploads\/2025\/12\/521847342_18365232436196628_1197353190066483703_n-1157x1536.jpg 1157w\" data-sizes=\"(max-width: 1440px) 100vw, 1440px\" src=\"data:image\/svg+xml;base64,PHN2ZyB3aWR0aD0iMSIgaGVpZ2h0PSIxIiB4bWxucz0iaHR0cDovL3d3dy53My5vcmcvMjAwMC9zdmciPjwvc3ZnPg==\" style=\"--smush-placeholder-width: 1440px; --smush-placeholder-aspect-ratio: 1440\/1912;\" \/><\/figure>\n\n\n\n<p>Con toda seguridad lo seguiremos encontrando y disfrutando de las corridas en vaca, acompa\u00f1ado siempre de su apoyadora familia.<\/p>\n\n\n\n<figure class=\"wp-block-image size-full is-resized\"><img decoding=\"async\" width=\"526\" height=\"526\" data-src=\"https:\/\/noticiascorraleras.cl\/wp-content\/uploads\/2025\/12\/487157984_28850060214642486_5051644194239531448_n.jpg\" alt=\"\" class=\"wp-image-2030 lazyload\" style=\"--smush-placeholder-width: 526px; --smush-placeholder-aspect-ratio: 526\/526;width:806px;height:auto\" data-srcset=\"https:\/\/noticiascorraleras.cl\/wp-content\/uploads\/2025\/12\/487157984_28850060214642486_5051644194239531448_n.jpg 526w, https:\/\/noticiascorraleras.cl\/wp-content\/uploads\/2025\/12\/487157984_28850060214642486_5051644194239531448_n-300x300.jpg 300w, https:\/\/noticiascorraleras.cl\/wp-content\/uploads\/2025\/12\/487157984_28850060214642486_5051644194239531448_n-150x150.jpg 150w\" data-sizes=\"(max-width: 526px) 100vw, 526px\" src=\"data:image\/svg+xml;base64,PHN2ZyB3aWR0aD0iMSIgaGVpZ2h0PSIxIiB4bWxucz0iaHR0cDovL3d3dy53My5vcmcvMjAwMC9zdmciPjwvc3ZnPg==\" \/><\/figure>\n\n\n\n<figure class=\"wp-block-image size-large\"><img decoding=\"async\" width=\"819\" height=\"1024\" data-src=\"https:\/\/noticiascorraleras.cl\/wp-content\/uploads\/2025\/12\/487514917_28900017622980078_6688289782273743140_n-819x1024.jpg\" alt=\"\" class=\"wp-image-2031 lazyload\" data-srcset=\"https:\/\/noticiascorraleras.cl\/wp-content\/uploads\/2025\/12\/487514917_28900017622980078_6688289782273743140_n-819x1024.jpg 819w, https:\/\/noticiascorraleras.cl\/wp-content\/uploads\/2025\/12\/487514917_28900017622980078_6688289782273743140_n-240x300.jpg 240w, https:\/\/noticiascorraleras.cl\/wp-content\/uploads\/2025\/12\/487514917_28900017622980078_6688289782273743140_n-768x960.jpg 768w, https:\/\/noticiascorraleras.cl\/wp-content\/uploads\/2025\/12\/487514917_28900017622980078_6688289782273743140_n-1229x1536.jpg 1229w, https:\/\/noticiascorraleras.cl\/wp-content\/uploads\/2025\/12\/487514917_28900017622980078_6688289782273743140_n.jpg 1440w\" data-sizes=\"(max-width: 819px) 100vw, 819px\" src=\"data:image\/svg+xml;base64,PHN2ZyB3aWR0aD0iMSIgaGVpZ2h0PSIxIiB4bWxucz0iaHR0cDovL3d3dy53My5vcmcvMjAwMC9zdmciPjwvc3ZnPg==\" style=\"--smush-placeholder-width: 819px; --smush-placeholder-aspect-ratio: 819\/1024;\" \/><\/figure>\n\n\n\n<p><\/p>\n\n\n\n<p><\/p>\n\n\n\n<figure class=\"wp-block-image size-full\"><img decoding=\"async\" width=\"315\" height=\"86\" data-src=\"https:\/\/noticiascorraleras.cl\/wp-content\/uploads\/2025\/12\/INTERNET-noticias-corraleras-6.jpg\" alt=\"\" class=\"wp-image-2036 lazyload\" data-srcset=\"https:\/\/noticiascorraleras.cl\/wp-content\/uploads\/2025\/12\/INTERNET-noticias-corraleras-6.jpg 315w, https:\/\/noticiascorraleras.cl\/wp-content\/uploads\/2025\/12\/INTERNET-noticias-corraleras-6-300x82.jpg 300w\" data-sizes=\"(max-width: 315px) 100vw, 315px\" src=\"data:image\/svg+xml;base64,PHN2ZyB3aWR0aD0iMSIgaGVpZ2h0PSIxIiB4bWxucz0iaHR0cDovL3d3dy53My5vcmcvMjAwMC9zdmciPjwvc3ZnPg==\" style=\"--smush-placeholder-width: 315px; --smush-placeholder-aspect-ratio: 315\/86;\" \/><\/figure>\n","protected":false},"excerpt":{"rendered":"<p>En la Medialuna de Casablanca mientras se desarrollaba el rodeo del Club Villa Alemana, nos encontramos con el<\/p>\n","protected":false},"author":1,"featured_media":2026,"parent":0,"menu_order":0,"comment_status":"closed","ping_status":"closed","template":"","meta":{"footnotes":""},"class_list":["post-2025","page","type-page","status-publish","has-post-thumbnail","hentry"],"_links":{"self":[{"href":"https:\/\/noticiascorraleras.cl\/index.php\/wp-json\/wp\/v2\/pages\/2025","targetHints":{"allow":["GET"]}}],"collection":[{"href":"https:\/\/noticiascorraleras.cl\/index.php\/wp-json\/wp\/v2\/pages"}],"about":[{"href":"https:\/\/noticiascorraleras.cl\/index.php\/wp-json\/wp\/v2\/types\/page"}],"author":[{"embeddable":true,"href":"https:\/\/noticiascorraleras.cl\/index.php\/wp-json\/wp\/v2\/users\/1"}],"replies":[{"embeddable":true,"href":"https:\/\/noticiascorraleras.cl\/index.php\/wp-json\/wp\/v2\/comments?post=2025"}],"version-history":[{"count":1,"href":"https:\/\/noticiascorraleras.cl\/index.php\/wp-json\/wp\/v2\/pages\/2025\/revisions"}],"predecessor-version":[{"id":2037,"href":"https:\/\/noticiascorraleras.cl\/index.php\/wp-json\/wp\/v2\/pages\/2025\/revisions\/2037"}],"wp:featuredmedia":[{"embeddable":true,"href":"https:\/\/noticiascorraleras.cl\/index.php\/wp-json\/wp\/v2\/media\/2026"}],"wp:attachment":[{"href":"https:\/\/noticiascorraleras.cl\/index.php\/wp-json\/wp\/v2\/media?parent=2025"}],"curies":[{"name":"wp","href":"https:\/\/api.w.org\/{rel}","templated":true}]}}